{"id":323,"date":"2021-07-29T14:52:46","date_gmt":"2021-07-29T17:52:46","guid":{"rendered":"http:\/\/movitech.com.br\/site\/?page_id=323"},"modified":"2021-10-28T13:55:06","modified_gmt":"2021-10-28T16:55:06","slug":"movipay","status":"publish","type":"page","link":"https:\/\/movitech.com.br\/site\/movipay\/","title":{"rendered":"movipay"},"content":{"rendered":"\t\t<div data-elementor-type=\"wp-page\" data-elementor-id=\"323\" class=\"elementor elementor-323\" data-elementor-settings=\"[]\">\n\t\t\t\t\t\t\t<div class=\"elementor-section-wrap\">\n\t\t\t\t\t\t\t<section class=\"elementor-section elementor-top-section elementor-element elementor-element-9068d23 elementor-section-height-min-height elementor-section-boxed elementor-section-height-default elementor-section-items-middle\" data-id=\"9068d23\" data-element_type=\"section\" data-settings=\"{&quot;background_background&quot;:&quot;classic&quot;}\">\n\t\t\t\t\t\t<div class=\"elementor-container elementor-column-gap-default\">\n\t\t\t\t\t<div class=\"elementor-column elementor-col-50 elementor-top-column elementor-element elementor-element-39aa1f5\" data-id=\"39aa1f5\" data-element_type=\"column\">\n\t\t\t<div class=\"elementor-widget-wrap elementor-element-populated\">\n\t\t\t\t\t\t\t\t<div class=\"elementor-element elementor-element-1e06a56 elementor-widget elementor-widget-heading\" data-id=\"1e06a56\" data-element_type=\"widget\" data-widget_type=\"heading.default\">\n\t\t\t\t<div class=\"elementor-widget-container\">\n\t\t\t<h1 class=\"elementor-heading-title elementor-size-default\">movipay<\/h1>\t\t<\/div>\n\t\t\t\t<\/div>\n\t\t\t\t<div class=\"elementor-element elementor-element-8ee96f5 elementor-widget elementor-widget-text-editor\" data-id=\"8ee96f5\" data-element_type=\"widget\" data-widget_type=\"text-editor.default\">\n\t\t\t\t<div class=\"elementor-widget-container\">\n\t\t\t\t\t\t\t<p class=\"p1\">Solu\u00e7\u00e3o de pagamento para checkout, com as melhores taxas do mercado.<\/p>\t\t\t\t\t\t<\/div>\n\t\t\t\t<\/div>\n\t\t\t\t<div class=\"elementor-element elementor-element-54344f8 elementor-hidden-phone elementor-view-default elementor-widget elementor-widget-icon\" data-id=\"54344f8\" data-element_type=\"widget\" data-widget_type=\"icon.default\">\n\t\t\t\t<div class=\"elementor-widget-container\">\n\t\t\t\t\t<div class=\"elementor-icon-wrapper\">\n\t\t\t<a class=\"elementor-icon\" href=\"#down\">\n\t\t\t<svg xmlns=\"http:\/\/www.w3.org\/2000\/svg\" width=\"77.168\" height=\"77.168\" viewBox=\"0 0 77.168 77.168\"><g transform=\"translate(-300 -591.5)\"><g transform=\"translate(300 591.5)\"><path d=\"M44.11,26.071a2.968,2.968,0,0,1-.279,4.188L28,44.11a2.968,2.968,0,0,1-3.909,0L8.264,30.26a2.968,2.968,0,1,1,3.909-4.467l10.907,9.544V10.218a2.968,2.968,0,0,1,5.936,0V35.336l10.907-9.544A2.968,2.968,0,0,1,44.11,26.071Z\" transform=\"translate(12.537 12.537)\" fill=\"#3a5ddb\" fill-rule=\"evenodd\"><\/path><path d=\"M40.834,8.186c-8.37,0-19.808.768-26.951,1.321a4.739,4.739,0,0,0-4.375,4.375c-.553,7.143-1.321,18.582-1.321,26.951s.768,19.808,1.321,26.951a4.739,4.739,0,0,0,4.375,4.376c7.143.553,18.582,1.321,26.951,1.321s19.808-.768,26.951-1.321a4.74,4.74,0,0,0,4.376-4.376c.553-7.143,1.321-18.581,1.321-26.951s-.768-19.808-1.321-26.951a4.739,4.739,0,0,0-4.376-4.375C60.642,8.954,49.2,8.186,40.834,8.186Zm-27.41-4.6C20.57,3.036,32.212,2.25,40.834,2.25s20.264.786,27.41,1.339a10.675,10.675,0,0,1,9.835,9.835c.554,7.146,1.339,18.788,1.339,27.41s-.786,20.264-1.339,27.41a10.675,10.675,0,0,1-9.835,9.835c-7.146.554-18.788,1.339-27.41,1.339s-20.264-.786-27.41-1.339a10.675,10.675,0,0,1-9.835-9.835C3.036,61.1,2.25,49.456,2.25,40.834s.786-20.264,1.339-27.41A10.675,10.675,0,0,1,13.424,3.589Z\" transform=\"translate(-2.25 -2.25)\" fill=\"#3a5ddb\" fill-rule=\"evenodd\"><\/path><\/g><\/g><\/svg>\t\t\t<\/a>\n\t\t<\/div>\n\t\t\t\t<\/div>\n\t\t\t\t<\/div>\n\t\t\t\t\t<\/div>\n\t\t<\/div>\n\t\t\t\t<div class=\"elementor-column elementor-col-50 elementor-top-column elementor-element elementor-element-4b1fa72\" data-id=\"4b1fa72\" data-element_type=\"column\">\n\t\t\t<div class=\"elementor-widget-wrap elementor-element-populated\">\n\t\t\t\t\t\t\t\t<div class=\"elementor-element elementor-element-eab83fe elementor-widget elementor-widget-image\" data-id=\"eab83fe\" data-element_type=\"widget\" data-widget_type=\"image.default\">\n\t\t\t\t<div class=\"elementor-widget-container\">\n\t\t\t\t\t\t\t\t\t\t\t\t\t\t\t<img decoding=\"async\" width=\"623\" height=\"941\" src=\"https:\/\/movitech.com.br\/site\/wp-content\/uploads\/2021\/10\/Movipay-3ok.png\" class=\"attachment-large size-large\" alt=\"\" srcset=\"https:\/\/movitech.com.br\/site\/wp-content\/uploads\/2021\/10\/Movipay-3ok.png 623w, https:\/\/movitech.com.br\/site\/wp-content\/uploads\/2021\/10\/Movipay-3ok-199x300.png 199w\" sizes=\"(max-width: 623px) 100vw, 623px\" \/>\t\t\t\t\t\t\t\t\t\t\t\t\t\t\t<\/div>\n\t\t\t\t<\/div>\n\t\t\t\t\t<\/div>\n\t\t<\/div>\n\t\t\t\t\t\t\t<\/div>\n\t\t<\/section>\n\t\t\t\t<section class=\"elementor-section elementor-top-section elementor-element elementor-element-5b0dc54 elementor-section-boxed elementor-section-height-default elementor-section-height-default\" data-id=\"5b0dc54\" data-element_type=\"section\" id=\"down\">\n\t\t\t\t\t\t<div class=\"elementor-container elementor-column-gap-default\">\n\t\t\t\t\t<div class=\"elementor-column elementor-col-50 elementor-top-column elementor-element elementor-element-d3359ab\" data-id=\"d3359ab\" data-element_type=\"column\">\n\t\t\t<div class=\"elementor-widget-wrap elementor-element-populated\">\n\t\t\t\t\t\t\t\t<div class=\"elementor-element elementor-element-3d63ef6 elementor-widget elementor-widget-heading\" data-id=\"3d63ef6\" data-element_type=\"widget\" data-widget_type=\"heading.default\">\n\t\t\t\t<div class=\"elementor-widget-container\">\n\t\t\t<h1 class=\"elementor-heading-title elementor-size-default\">F\u00e1cil de usar!<\/h1>\t\t<\/div>\n\t\t\t\t<\/div>\n\t\t\t\t<div class=\"elementor-element elementor-element-01c54bd elementor-widget elementor-widget-text-editor\" data-id=\"01c54bd\" data-element_type=\"widget\" data-widget_type=\"text-editor.default\">\n\t\t\t\t<div class=\"elementor-widget-container\">\n\t\t\t\t\t\t\tCom o movipay \u00e9 f\u00e1cil realizar os seus pagamentos.\t\t\t\t\t\t<\/div>\n\t\t\t\t<\/div>\n\t\t\t\t\t<\/div>\n\t\t<\/div>\n\t\t\t\t<div class=\"elementor-column elementor-col-50 elementor-top-column elementor-element elementor-element-ecf657a\" data-id=\"ecf657a\" data-element_type=\"column\">\n\t\t\t<div class=\"elementor-widget-wrap elementor-element-populated\">\n\t\t\t\t\t\t\t\t<div class=\"elementor-element elementor-element-6f9eb30 elementor-widget elementor-widget-image\" data-id=\"6f9eb30\" data-element_type=\"widget\" data-widget_type=\"image.default\">\n\t\t\t\t<div class=\"elementor-widget-container\">\n\t\t\t\t\t\t\t\t\t\t\t\t\t\t\t<img decoding=\"async\" width=\"1\" height=\"1\" src=\"https:\/\/movitech.com.br\/site\/wp-content\/uploads\/2021\/07\/movipay-fa\u0301cil-de-usar.svg\" class=\"attachment-large size-large\" alt=\"\" \/>\t\t\t\t\t\t\t\t\t\t\t\t\t\t\t<\/div>\n\t\t\t\t<\/div>\n\t\t\t\t\t<\/div>\n\t\t<\/div>\n\t\t\t\t\t\t\t<\/div>\n\t\t<\/section>\n\t\t\t\t<section class=\"elementor-section elementor-top-section elementor-element elementor-element-4ada667 elementor-section-boxed elementor-section-height-default elementor-section-height-default\" data-id=\"4ada667\" data-element_type=\"section\">\n\t\t\t\t\t\t<div class=\"elementor-container elementor-column-gap-default\">\n\t\t\t\t\t<div class=\"elementor-column elementor-col-100 elementor-top-column elementor-element elementor-element-aec30f6\" data-id=\"aec30f6\" data-element_type=\"column\">\n\t\t\t<div class=\"elementor-widget-wrap elementor-element-populated\">\n\t\t\t\t\t\t\t\t<div class=\"elementor-element elementor-element-bc2864b elementor-widget elementor-widget-heading\" data-id=\"bc2864b\" data-element_type=\"widget\" data-widget_type=\"heading.default\">\n\t\t\t\t<div class=\"elementor-widget-container\">\n\t\t\t<h1 class=\"elementor-heading-title elementor-size-default\">Telas do Sistema<\/h1>\t\t<\/div>\n\t\t\t\t<\/div>\n\t\t\t\t<div class=\"elementor-element elementor-element-0d0d863 elementor-arrows-position-inside elementor-widget elementor-widget-image-carousel\" data-id=\"0d0d863\" data-element_type=\"widget\" data-settings=\"{&quot;slides_to_show&quot;:&quot;1&quot;,&quot;navigation&quot;:&quot;arrows&quot;,&quot;autoplay&quot;:&quot;yes&quot;,&quot;pause_on_hover&quot;:&quot;yes&quot;,&quot;pause_on_interaction&quot;:&quot;yes&quot;,&quot;autoplay_speed&quot;:5000,&quot;infinite&quot;:&quot;yes&quot;,&quot;effect&quot;:&quot;slide&quot;,&quot;speed&quot;:500}\" data-widget_type=\"image-carousel.default\">\n\t\t\t\t<div class=\"elementor-widget-container\">\n\t\t\t\t\t<div class=\"elementor-image-carousel-wrapper swiper-container\" dir=\"ltr\">\n\t\t\t<div class=\"elementor-image-carousel swiper-wrapper\">\n\t\t\t\t\t\t\t\t<div class=\"swiper-slide\"><figure class=\"swiper-slide-inner\"><img decoding=\"async\" class=\"swiper-slide-image\" src=\"https:\/\/movitech.com.br\/site\/wp-content\/uploads\/2021\/09\/Movipay-01.jpeg\" alt=\"Movipay-01\" \/><\/figure><\/div>\t\t\t<\/div>\n\t\t\t\t\t<\/div>\n\t\t\t\t<\/div>\n\t\t\t\t<\/div>\n\t\t\t\t\t<\/div>\n\t\t<\/div>\n\t\t\t\t\t\t\t<\/div>\n\t\t<\/section>\n\t\t\t\t\t\t<\/div>\n\t\t\t\t\t<\/div>\n\t\t","protected":false},"excerpt":{"rendered":"<p>movipay Solu\u00e7\u00e3o de pagamento para checkout, com as melhores taxas do mercado. F\u00e1cil de usar! Com o movipay \u00e9 f\u00e1cil realizar os seus pagamentos. Telas do Sistema<\/p>\n","protected":false},"author":1,"featured_media":0,"parent":0,"menu_order":0,"comment_status":"closed","ping_status":"closed","template":"","meta":{"footnotes":""},"class_list":["post-323","page","type-page","status-publish","hentry"],"yoast_head":"<!-- This site is optimized with the Yoast SEO plugin v20.5 - https:\/\/yoast.com\/wordpress\/plugins\/seo\/ -->\n<title>movipay - Movitech<\/title>\n<meta name=\"robots\" content=\"index, follow, max-snippet:-1, max-image-preview:large, max-video-preview:-1\" \/>\n<link rel=\"canonical\" href=\"http:\/\/movitech.com.br\/site\/movipay\/\" \/>\n<meta property=\"og:locale\" content=\"pt_BR\" \/>\n<meta property=\"og:type\" content=\"article\" \/>\n<meta property=\"og:title\" content=\"movipay - Movitech\" \/>\n<meta property=\"og:description\" content=\"movipay Solu\u00e7\u00e3o de pagamento para checkout, com as melhores taxas do mercado. F\u00e1cil de usar! Com o movipay \u00e9 f\u00e1cil realizar os seus pagamentos. Telas do Sistema\" \/>\n<meta property=\"og:url\" content=\"http:\/\/movitech.com.br\/site\/movipay\/\" \/>\n<meta property=\"og:site_name\" content=\"Movitech\" \/>\n<meta property=\"article:modified_time\" content=\"2021-10-28T16:55:06+00:00\" \/>\n<meta property=\"og:image\" content=\"http:\/\/movitech.com.br\/site\/wp-content\/uploads\/2021\/10\/Movipay-3ok.png\" \/>\n<meta name=\"twitter:card\" content=\"summary_large_image\" \/>\n<meta name=\"twitter:label1\" content=\"Est. tempo de leitura\" \/>\n\t<meta name=\"twitter:data1\" content=\"1 minuto\" \/>\n<script type=\"application\/ld+json\" class=\"yoast-schema-graph\">{\"@context\":\"https:\/\/schema.org\",\"@graph\":[{\"@type\":\"WebPage\",\"@id\":\"http:\/\/movitech.com.br\/site\/movipay\/\",\"url\":\"http:\/\/movitech.com.br\/site\/movipay\/\",\"name\":\"movipay - Movitech\",\"isPartOf\":{\"@id\":\"http:\/\/movitech.com.br\/site\/#website\"},\"datePublished\":\"2021-07-29T17:52:46+00:00\",\"dateModified\":\"2021-10-28T16:55:06+00:00\",\"breadcrumb\":{\"@id\":\"http:\/\/movitech.com.br\/site\/movipay\/#breadcrumb\"},\"inLanguage\":\"pt-BR\",\"potentialAction\":[{\"@type\":\"ReadAction\",\"target\":[\"http:\/\/movitech.com.br\/site\/movipay\/\"]}]},{\"@type\":\"BreadcrumbList\",\"@id\":\"http:\/\/movitech.com.br\/site\/movipay\/#breadcrumb\",\"itemListElement\":[{\"@type\":\"ListItem\",\"position\":1,\"name\":\"Home\",\"item\":\"https:\/\/movitech.com.br\/site\/\"},{\"@type\":\"ListItem\",\"position\":2,\"name\":\"movipay\"}]},{\"@type\":\"WebSite\",\"@id\":\"http:\/\/movitech.com.br\/site\/#website\",\"url\":\"http:\/\/movitech.com.br\/site\/\",\"name\":\"Movitech\",\"description\":\"Estamos sempre em Movimento\",\"publisher\":{\"@id\":\"http:\/\/movitech.com.br\/site\/#organization\"},\"potentialAction\":[{\"@type\":\"SearchAction\",\"target\":{\"@type\":\"EntryPoint\",\"urlTemplate\":\"http:\/\/movitech.com.br\/site\/?s={search_term_string}\"},\"query-input\":\"required name=search_term_string\"}],\"inLanguage\":\"pt-BR\"},{\"@type\":\"Organization\",\"@id\":\"http:\/\/movitech.com.br\/site\/#organization\",\"name\":\"Movitech\",\"url\":\"http:\/\/movitech.com.br\/site\/\",\"logo\":{\"@type\":\"ImageObject\",\"inLanguage\":\"pt-BR\",\"@id\":\"http:\/\/movitech.com.br\/site\/#\/schema\/logo\/image\/\",\"url\":\"https:\/\/movitech.com.br\/site\/wp-content\/uploads\/2021\/03\/Logotipo-Principal.svg\",\"contentUrl\":\"https:\/\/movitech.com.br\/site\/wp-content\/uploads\/2021\/03\/Logotipo-Principal.svg\",\"caption\":\"Movitech\"},\"image\":{\"@id\":\"http:\/\/movitech.com.br\/site\/#\/schema\/logo\/image\/\"}}]}<\/script>\n<!-- \/ Yoast SEO plugin. -->","yoast_head_json":{"title":"movipay - Movitech","robots":{"index":"index","follow":"follow","max-snippet":"max-snippet:-1","max-image-preview":"max-image-preview:large","max-video-preview":"max-video-preview:-1"},"canonical":"http:\/\/movitech.com.br\/site\/movipay\/","og_locale":"pt_BR","og_type":"article","og_title":"movipay - Movitech","og_description":"movipay Solu\u00e7\u00e3o de pagamento para checkout, com as melhores taxas do mercado. F\u00e1cil de usar! Com o movipay \u00e9 f\u00e1cil realizar os seus pagamentos. Telas do Sistema","og_url":"http:\/\/movitech.com.br\/site\/movipay\/","og_site_name":"Movitech","article_modified_time":"2021-10-28T16:55:06+00:00","og_image":[{"url":"http:\/\/movitech.com.br\/site\/wp-content\/uploads\/2021\/10\/Movipay-3ok.png"}],"twitter_card":"summary_large_image","twitter_misc":{"Est. tempo de leitura":"1 minuto"},"schema":{"@context":"https:\/\/schema.org","@graph":[{"@type":"WebPage","@id":"http:\/\/movitech.com.br\/site\/movipay\/","url":"http:\/\/movitech.com.br\/site\/movipay\/","name":"movipay - Movitech","isPartOf":{"@id":"http:\/\/movitech.com.br\/site\/#website"},"datePublished":"2021-07-29T17:52:46+00:00","dateModified":"2021-10-28T16:55:06+00:00","breadcrumb":{"@id":"http:\/\/movitech.com.br\/site\/movipay\/#breadcrumb"},"inLanguage":"pt-BR","potentialAction":[{"@type":"ReadAction","target":["http:\/\/movitech.com.br\/site\/movipay\/"]}]},{"@type":"BreadcrumbList","@id":"http:\/\/movitech.com.br\/site\/movipay\/#breadcrumb","itemListElement":[{"@type":"ListItem","position":1,"name":"Home","item":"https:\/\/movitech.com.br\/site\/"},{"@type":"ListItem","position":2,"name":"movipay"}]},{"@type":"WebSite","@id":"http:\/\/movitech.com.br\/site\/#website","url":"http:\/\/movitech.com.br\/site\/","name":"Movitech","description":"Estamos sempre em Movimento","publisher":{"@id":"http:\/\/movitech.com.br\/site\/#organization"},"potentialAction":[{"@type":"SearchAction","target":{"@type":"EntryPoint","urlTemplate":"http:\/\/movitech.com.br\/site\/?s={search_term_string}"},"query-input":"required name=search_term_string"}],"inLanguage":"pt-BR"},{"@type":"Organization","@id":"http:\/\/movitech.com.br\/site\/#organization","name":"Movitech","url":"http:\/\/movitech.com.br\/site\/","logo":{"@type":"ImageObject","inLanguage":"pt-BR","@id":"http:\/\/movitech.com.br\/site\/#\/schema\/logo\/image\/","url":"https:\/\/movitech.com.br\/site\/wp-content\/uploads\/2021\/03\/Logotipo-Principal.svg","contentUrl":"https:\/\/movitech.com.br\/site\/wp-content\/uploads\/2021\/03\/Logotipo-Principal.svg","caption":"Movitech"},"image":{"@id":"http:\/\/movitech.com.br\/site\/#\/schema\/logo\/image\/"}}]}},"_links":{"self":[{"href":"https:\/\/movitech.com.br\/site\/wp-json\/wp\/v2\/pages\/323","targetHints":{"allow":["GET"]}}],"collection":[{"href":"https:\/\/movitech.com.br\/site\/wp-json\/wp\/v2\/pages"}],"about":[{"href":"https:\/\/movitech.com.br\/site\/wp-json\/wp\/v2\/types\/page"}],"author":[{"embeddable":true,"href":"https:\/\/movitech.com.br\/site\/wp-json\/wp\/v2\/users\/1"}],"replies":[{"embeddable":true,"href":"https:\/\/movitech.com.br\/site\/wp-json\/wp\/v2\/comments?post=323"}],"version-history":[{"count":0,"href":"https:\/\/movitech.com.br\/site\/wp-json\/wp\/v2\/pages\/323\/revisions"}],"wp:attachment":[{"href":"https:\/\/movitech.com.br\/site\/wp-json\/wp\/v2\/media?parent=323"}],"curies":[{"name":"wp","href":"https:\/\/api.w.org\/{rel}","templated":true}]}}